{"id":923,"date":"2026-02-03T14:38:55","date_gmt":"2026-02-03T13:38:55","guid":{"rendered":"https:\/\/love-simply.com\/?page_id=923"},"modified":"2026-02-16T12:18:26","modified_gmt":"2026-02-16T11:18:26","slug":"923-2","status":"publish","type":"page","link":"https:\/\/love-simply.com\/?page_id=923","title":{"rendered":"Corporate"},"content":{"rendered":"\n<div class=\"wp-block-group alignfull has-global-padding is-content-justification-center is-layout-constrained wp-container-core-group-is-layout-5f62ee3c wp-block-group-is-layout-constrained has-background\" style=\"padding-top:var(--wp--preset--spacing--80);padding-right:var(--wp--preset--spacing--30);padding-bottom:var(--wp--preset--spacing--80);padding-left:var(--wp--preset--spacing--30);background-image:url(&apos;https:\/\/love-simply.com\/wp-content\/uploads\/2026\/02\/Corporate.png&apos;);background-position:47% 35%;background-size:cover;\">\n<div class=\"wp-block-group is-content-justification-center is-nowrap is-layout-flex wp-container-core-group-is-layout-23441af8 wp-block-group-is-layout-flex\">\n<p class=\"has-custom-text-d-fau-color has-text-color has-link-color has-signatura-monoline-script-font-family wp-elements-2b1445df3ac93a043dcd422a36385dbf\" style=\"font-size:clamp(3.8em, 3.8rem + ((1vw - 0.2em) * 9.882), 8em);\">Corporate<\/p>\n<\/div>\n<\/div>\n\n\n\n<div class=\"wp-block-media-text is-stacked-on-mobile\" style=\"grid-template-columns:33% auto\"><figure class=\"wp-block-media-text__media\"><img loading=\"lazy\" decoding=\"async\" width=\"417\" height=\"401\" src=\"https:\/\/love-simply.com\/wp-content\/uploads\/2026\/02\/Evenement-pro.png\" alt=\"\" class=\"wp-image-997 size-full\" srcset=\"https:\/\/love-simply.com\/wp-content\/uploads\/2026\/02\/Evenement-pro.png 417w, https:\/\/love-simply.com\/wp-content\/uploads\/2026\/02\/Evenement-pro-300x288.png 300w\" sizes=\"auto, (max-width: 417px) 100vw, 417px\" \/><\/figure><div class=\"wp-block-media-text__content\">\n<div class=\"wp-block-group is-vertical is-layout-flex wp-container-core-group-is-layout-fe9cc265 wp-block-group-is-layout-flex\">\n<p class=\"has-custom-text-d-fau-color has-text-color has-link-color has-comfortaa-font-family has-x-large-font-size wp-elements-5a1f7d59b0f17e5eb20dd4f1f2ca43fd\">Ev\u00e8nement professionnel<\/p>\n\n\n\n<p class=\"has-custom-text-d-fau-color has-text-color has-link-color has-comfortaa-font-family has-large-font-size wp-elements-da3525c7d520118e538b2721e3b0e443\">Inauguration \u2022 Afterwork \u2022 Team Building \u2022 R\u00e9ceptions d\u2019entreprise<\/p>\n\n\n\n<p class=\"has-custom-text-d-fau-color has-text-color has-link-color wp-elements-80c4218079b61afb321e3a3060a159c7\">Parce que chaque \u00e9v\u00e9nement professionnel est une vitrine de votre image, je con\u00e7ois et organise des \u00e9v\u00e9nements sur-mesure, pens\u00e9s pour valoriser et marquer les esprits.<\/p>\n\n\n\n<p class=\"has-custom-text-d-fau-color has-text-color has-link-color wp-elements-fce7a7cd6b7f334a9cc334952619424f\">Je m\u2019occupe de chaque \u00e9tape de la conception du concept, l\u2019organisation logistique, la sc\u00e9nographie, la coordination des prestataires et gestion du timing.<\/p>\n\n\n\n<p class=\"has-custom-text-d-fau-color has-text-color has-link-color wp-elements-2a3d5ea240ff3822b297ed1811e2c51a\">Mon approche allie rigueur, cr\u00e9ativit\u00e9 et sens du d\u00e9tail, afin de cr\u00e9er des \u00e9v\u00e9nements fluides, \u00e9l\u00e9gants et coh\u00e9rents avec vos valeurs et votre identit\u00e9.<\/p>\n\n\n\n<p class=\"has-custom-text-d-fau-color has-text-color has-link-color wp-elements-810ee6a8c5167afc7d10c973d6bb3034\">L\u2019objectif : offrir \u00e0 vos collaborateurs, clients ou partenaires une exp\u00e9rience professionnelle m\u00e9morable, propice aux \u00e9changes, \u00e0 la coh\u00e9sion et \u00e0 la valorisation de votre entreprise.<\/p>\n\n\n\n<p class=\"has-custom-fond-2-color has-text-color has-link-color has-signatura-monoline-script-font-family has-x-large-font-size wp-elements-3d68d0385e10ba5805c7e8c539da3b67\">Vous vous concentrez sur vos relations, je m\u2019occupe de l\u2019organisation.<\/p>\n\n\n\n<p class=\"has-custom-text-d-fau-color has-text-color has-link-color wp-elements-7e40f394e4be7ef426ae10a10633fbb9\" style=\"font-style:normal;font-weight:700\">Prestations propos\u00e9es exclusivement sur devis.<\/p>\n<\/div>\n<\/div><\/div>\n\n\n\n<div class=\"wp-block-media-text has-media-on-the-right is-stacked-on-mobile\" style=\"grid-template-columns:auto 33%\"><div class=\"wp-block-media-text__content\">\n<div class=\"wp-block-group is-vertical is-layout-flex wp-container-core-group-is-layout-fe9cc265 wp-block-group-is-layout-flex\">\n<p class=\"has-custom-text-d-fau-color has-text-color has-link-color has-comfortaa-font-family has-x-large-font-size wp-elements-96bb63606700d3efe208b8bf5b0bb38f\">D\u00e9coration<\/p>\n\n\n\n<p class=\"has-custom-text-d-fau-color has-text-color has-link-color wp-elements-0ff27b1f72d030a9f044dd2997ccabe3\">Bien plus qu\u2019une vitrine, la d\u00e9coration est une mise en sc\u00e8ne de votre univers.<\/p>\n\n\n\n<p class=\"has-custom-text-d-fau-color has-text-color has-link-color wp-elements-82838035fd16446f94b20011fa595ab0\">Je con\u00e7ois des d\u00e9cors et sc\u00e9nographies sur-mesure pour sublimer vos espaces, valoriser votre image et cr\u00e9er une exp\u00e9rience visuelle forte.<\/p>\n\n\n\n<p class=\"has-custom-text-d-fau-color has-text-color has-link-color wp-elements-d87ba63e5a37c6a5bd734ca4ae47ef8f\">Boutiques, vitrines, lieux professionnels, espaces \u00e9v\u00e9nementiels, chaque projet est pens\u00e9 dans le respect de votre identit\u00e9, de vos objectifs et de l\u2019\u00e9motion que vous souhaitez transmettre.<\/p>\n\n\n\n<p class=\"has-custom-text-d-fau-color has-text-color has-link-color wp-elements-41b8e49979822bb932061046fddc5a8b\">De la cr\u00e9ation du concept \u00e0 l\u2019installation, je con\u00e7ois et r\u00e9alise des d\u00e9cors, en accordant une attention particuli\u00e8re \u00e0 l\u2019harmonie, aux mati\u00e8res et aux d\u00e9tails.<\/p>\n\n\n\n<p class=\"has-custom-fond-2-color has-text-color has-link-color has-signatura-monoline-script-font-family has-x-large-font-size wp-elements-93d9d9aba8a56c8ccec8508bd90db7c2\">Des d\u00e9cors qui racontent une histoire et marquent les esprits.<\/p>\n\n\n\n<p class=\"has-custom-text-d-fau-color has-text-color has-link-color wp-elements-7e40f394e4be7ef426ae10a10633fbb9\" style=\"font-style:normal;font-weight:700\">Prestations propos\u00e9es exclusivement sur devis.<\/p>\n<\/div>\n<\/div><figure class=\"wp-block-media-text__media\"><img loading=\"lazy\" decoding=\"async\" width=\"417\" height=\"377\" src=\"https:\/\/love-simply.com\/wp-content\/uploads\/2026\/02\/Decoration.png\" alt=\"\" class=\"wp-image-995 size-full\" srcset=\"https:\/\/love-simply.com\/wp-content\/uploads\/2026\/02\/Decoration.png 417w, https:\/\/love-simply.com\/wp-content\/uploads\/2026\/02\/Decoration-300x271.png 300w\" sizes=\"auto, (max-width: 417px) 100vw, 417px\" \/><\/figure><\/div>\n","protected":false},"excerpt":{"rendered":"<p>Corporate<\/p>\n","protected":false},"author":1,"featured_media":0,"parent":0,"menu_order":0,"comment_status":"closed","ping_status":"closed","template":"","meta":{"footnotes":""},"class_list":["post-923","page","type-page","status-publish","hentry"],"jetpack_sharing_enabled":true,"_links":{"self":[{"href":"https:\/\/love-simply.com\/index.php?rest_route=\/wp\/v2\/pages\/923","targetHints":{"allow":["GET"]}}],"collection":[{"href":"https:\/\/love-simply.com\/index.php?rest_route=\/wp\/v2\/pages"}],"about":[{"href":"https:\/\/love-simply.com\/index.php?rest_route=\/wp\/v2\/types\/page"}],"author":[{"embeddable":true,"href":"https:\/\/love-simply.com\/index.php?rest_route=\/wp\/v2\/users\/1"}],"replies":[{"embeddable":true,"href":"https:\/\/love-simply.com\/index.php?rest_route=%2Fwp%2Fv2%2Fcomments&post=923"}],"version-history":[{"count":8,"href":"https:\/\/love-simply.com\/index.php?rest_route=\/wp\/v2\/pages\/923\/revisions"}],"predecessor-version":[{"id":1017,"href":"https:\/\/love-simply.com\/index.php?rest_route=\/wp\/v2\/pages\/923\/revisions\/1017"}],"wp:attachment":[{"href":"https:\/\/love-simply.com\/index.php?rest_route=%2Fwp%2Fv2%2Fmedia&parent=923"}],"curies":[{"name":"wp","href":"https:\/\/api.w.org\/{rel}","templated":true}]}}