{"id":70,"date":"2025-10-10T10:19:23","date_gmt":"2025-10-10T10:19:23","guid":{"rendered":"https:\/\/love-simply.com\/?page_id=70"},"modified":"2026-02-16T15:17:41","modified_gmt":"2026-02-16T14:17:41","slug":"contact","status":"publish","type":"page","link":"https:\/\/love-simply.com\/?page_id=70","title":{"rendered":"Contact"},"content":{"rendered":"\n<style>\n.contact-page-container {\n  display: flex;\n  flex-wrap: nowrap;\n  justify-content: left;\n  gap: 0;\n}\n.contact-left-column {\n  flex: 0 0 40%;\n  border: none;\n}\n.contact-right-column {\n  flex: 1;\n  border-left: 2px solid currentColor;\n  padding: var(--wp--preset--spacing--20) var(--wp--preset--spacing--50);\n}\n@media (max-width: 768px) {\n  .contact-page-container {\n    flex-wrap: wrap;\n  }\n  .contact-left-column {\n    flex: 0 0 100%;\n    padding: 0 var(--wp--preset--spacing--30);\n    margin-bottom: var(--wp--preset--spacing--30);\n  }\n  .contact-right-column {\n    flex: 0 0 100%;\n    border-left: none;\n    border-top: 2px solid currentColor;\n    padding: var(--wp--preset--spacing--30);\n  }\n  .contact-title {\n    font-size: 4rem !important;\n  }\n}\n<\/style>\n\n\n\n<div class=\"wp-block-group is-content-justification-center is-nowrap is-layout-flex wp-container-core-group-is-layout-f194bcfb wp-block-group-is-layout-flex\" style=\"margin-top:var(--wp--preset--spacing--30);margin-bottom:var(--wp--preset--spacing--30)\">\n<p class=\"has-custom-text-d-fau-color has-text-color has-link-color has-signatura-monoline-script-font-family contact-title wp-elements-75d5f3a31a287813eb34a156d33ea702\" style=\"font-size:clamp(3.8rem, 3.8rem + ((1vw - 0.2rem) * 9.882), 8rem);\">Contact<\/p>\n<\/div>\n\n\n\n<div class=\"contact-page-container\">\n<div class=\"contact-left-column\">\n<pre class=\"wp-block-preformatted has-custom-fond-2-color has-text-color has-link-color has-comfortaa-font-family wp-elements-bf6a7a91de25b48b567aa0316942fdc7\">Vous souhaitez \u00eatre accompagn\u00e9 dans l\u2019organisation de votre \u00e9v\u00e9nement ?<br>En Belgique comme \u00e0 l\u2019\u00e9tranger, je serai ravie de vous guider dans la cr\u00e9ation de cette c\u00e9l\u00e9bration unique.<br>Contactez-moi pour imaginer ensemble chaque d\u00e9tail de ce moment d\u2019exception.<\/pre>\n\n\n\n<p class=\"has-custom-fond-2-color has-text-color has-link-color has-louis-george-cafe-font-family has-large-font-size wp-elements-ed64dfa6e0dbcdd8a60177c8ff1c168b\">Vous me pouvez me joindre<\/p>\n\n\n\n<p class=\"has-custom-fond-2-color has-text-color has-link-color has-louis-george-cafe-font-family has-large-font-size wp-elements-3564fe624e7bb14a6a9839a7046dc275\">par t\u00e9l\u00e9phone :<\/p>\n\n\n\n<p class=\"has-custom-fond-2-color has-text-color has-link-color wp-elements-568cc1850790cd425e09e22fb9fbe126\">+32 472 08 01 18<\/p>\n\n\n\n<p class=\"has-custom-fond-2-color has-text-color has-link-color has-tan-mon-cheri-font-family has-large-font-size wp-elements-965da9b2faf7fed9fa9ebdf5e5e1d47e\">par mail :<\/p>\n\n\n\n<p class=\"has-custom-fond-2-color has-text-color has-link-color wp-elements-7762a3c4880a9c8979dc4a6b7304c3eb\">Hello@love-simply.com<\/p>\n\n<\/div>\n\n<div class=\"contact-right-column\">\n\n<p class=\"has-custom-text-d-fau-color has-text-color has-link-color has-signatura-monoline-script-font-family has-xx-large-font-size wp-elements-096e140c541ea8950cea2c6d4b1fda25\" style=\"font-style:normal;font-weight:700\">Dites moi tout!<\/p>\n\n\n\n<div class=\"wpcf7 no-js\" id=\"wpcf7-f164-o1\" lang=\"fr-BE\" dir=\"ltr\" data-wpcf7-id=\"164\">\n<div class=\"screen-reader-response\"><p role=\"status\" aria-live=\"polite\" aria-atomic=\"true\"><\/p> <ul><\/ul><\/div>\n<form action=\"\/index.php?rest_route=%2Fwp%2Fv2%2Fpages%2F70#wpcf7-f164-o1\" method=\"post\" class=\"wpcf7-form init\" aria-label=\"Contact form\" novalidate=\"novalidate\" data-status=\"init\">\n<fieldset class=\"hidden-fields-container\"><input type=\"hidden\" name=\"_wpcf7\" value=\"164\" \/><input type=\"hidden\" name=\"_wpcf7_version\" value=\"6.1.2\" \/><input type=\"hidden\" name=\"_wpcf7_locale\" value=\"fr_BE\" \/><input type=\"hidden\" name=\"_wpcf7_unit_tag\" value=\"wpcf7-f164-o1\" \/><input type=\"hidden\" name=\"_wpcf7_container_post\" value=\"0\" \/><input type=\"hidden\" name=\"_wpcf7_posted_data_hash\" value=\"\" \/>\n<\/fieldset>\n<p><label> Pr\u00e9nom<br \/>\n<span class=\"wpcf7-form-control-wrap\" data-name=\"your-name\"><input size=\"40\" maxlength=\"400\" class=\"wpcf7-form-control wpcf7-text wpcf7-validates-as-required\" autocomplete=\"given-name\" aria-required=\"true\" aria-invalid=\"false\" value=\"\" type=\"text\" name=\"your-name\" \/><\/span> <\/label><br \/>\n<label> Nom de famille<br \/>\n<span class=\"wpcf7-form-control-wrap\" data-name=\"your-family-name\"><input size=\"40\" maxlength=\"400\" class=\"wpcf7-form-control wpcf7-text wpcf7-validates-as-required\" autocomplete=\"family-name\" aria-required=\"true\" aria-invalid=\"false\" value=\"\" type=\"text\" name=\"your-family-name\" \/><\/span> <\/label>\n<\/p>\n<p><label> Email<br \/>\n<span class=\"wpcf7-form-control-wrap\" data-name=\"your-email\"><input size=\"40\" maxlength=\"400\" class=\"wpcf7-form-control wpcf7-email wpcf7-validates-as-required wpcf7-text wpcf7-validates-as-email\" autocomplete=\"email\" aria-required=\"true\" aria-invalid=\"false\" value=\"\" type=\"email\" name=\"your-email\" \/><\/span> <\/label>\n<\/p>\n<p><label> Votre num\u00e9ro de t\u00e9l\u00e9phone<br \/>\n<span class=\"wpcf7-form-control-wrap\" data-name=\"tel-905\"><input size=\"40\" maxlength=\"400\" class=\"wpcf7-form-control wpcf7-tel wpcf7-text wpcf7-validates-as-tel\" aria-invalid=\"false\" value=\"\" type=\"tel\" name=\"tel-905\" \/><\/span> <\/label>\n<\/p>\n<p><label> Votre demande<br \/>\n<span class=\"wpcf7-form-control-wrap\" data-name=\"your-subject\"><select class=\"wpcf7-form-control wpcf7-select wpcf7-validates-as-required\" aria-required=\"true\" aria-invalid=\"false\" name=\"your-subject\"><option value=\"\">Mariage<\/option><option value=\"C\u00e9r\u00e9monie La\u00efque\">C\u00e9r\u00e9monie La\u00efque<\/option><option value=\"\u00c9v\u00e9nement\">\u00c9v\u00e9nement<\/option><\/select><\/span> <\/label>\n<\/p>\n<p><label> D\u00e9tail de votre demande<br \/>\n<span class=\"wpcf7-form-control-wrap\" data-name=\"your-message\"><textarea cols=\"40\" rows=\"10\" maxlength=\"2000\" class=\"wpcf7-form-control wpcf7-textarea\" aria-invalid=\"false\" name=\"your-message\"><\/textarea><\/span> <\/label>\n<\/p>\n<p><label> Date de l'\u00e9v\u00e9nement<br \/>\n<span class=\"wpcf7-form-control-wrap\" data-name=\"date-demande\"><input class=\"wpcf7-form-control wpcf7-date wpcf7-validates-as-date\" min=\"2025-11-26\" aria-invalid=\"false\" value=\"2025-11-26\" type=\"date\" name=\"date-demande\" \/><\/span><\/label>\n<\/p>\n<p><label> Comment m'avez-vous connu ?<br \/>\n<span class=\"wpcf7-form-control-wrap\" data-name=\"connu-comment\"><textarea cols=\"40\" rows=\"10\" maxlength=\"2000\" class=\"wpcf7-form-control wpcf7-textarea\" aria-invalid=\"false\" name=\"connu-comment\"><\/textarea><\/span> <\/label>\n<\/p>\n<p><input class=\"wpcf7-form-control wpcf7-submit has-spinner\" type=\"submit\" value=\"Envoyer\" \/>\n<\/p><div class=\"wpcf7-response-output\" aria-hidden=\"true\"><\/div>\n<\/form>\n<\/div>\n\n\n<\/div>\n<\/div>\n","protected":false},"excerpt":{"rendered":"<p>Contact<\/p>\n","protected":false},"author":1,"featured_media":0,"parent":0,"menu_order":0,"comment_status":"closed","ping_status":"closed","template":"","meta":{"footnotes":""},"class_list":["post-70","page","type-page","status-publish","hentry"],"jetpack_sharing_enabled":true,"_links":{"self":[{"href":"https:\/\/love-simply.com\/index.php?rest_route=\/wp\/v2\/pages\/70","targetHints":{"allow":["GET"]}}],"collection":[{"href":"https:\/\/love-simply.com\/index.php?rest_route=\/wp\/v2\/pages"}],"about":[{"href":"https:\/\/love-simply.com\/index.php?rest_route=\/wp\/v2\/types\/page"}],"author":[{"embeddable":true,"href":"https:\/\/love-simply.com\/index.php?rest_route=\/wp\/v2\/users\/1"}],"replies":[{"embeddable":true,"href":"https:\/\/love-simply.com\/index.php?rest_route=%2Fwp%2Fv2%2Fcomments&post=70"}],"version-history":[{"count":23,"href":"https:\/\/love-simply.com\/index.php?rest_route=\/wp\/v2\/pages\/70\/revisions"}],"predecessor-version":[{"id":1034,"href":"https:\/\/love-simply.com\/index.php?rest_route=\/wp\/v2\/pages\/70\/revisions\/1034"}],"wp:attachment":[{"href":"https:\/\/love-simply.com\/index.php?rest_route=%2Fwp%2Fv2%2Fmedia&parent=70"}],"curies":[{"name":"wp","href":"https:\/\/api.w.org\/{rel}","templated":true}]}}