{"id":61,"date":"2025-10-10T10:19:01","date_gmt":"2025-10-10T10:19:01","guid":{"rendered":"https:\/\/love-simply.com\/?page_id=61"},"modified":"2026-02-21T06:39:15","modified_gmt":"2026-02-21T05:39:15","slug":"a-propos","status":"publish","type":"page","link":"https:\/\/love-simply.com\/?page_id=61","title":{"rendered":"A propos"},"content":{"rendered":"\n<div class=\"wp-block-group is-content-justification-left is-nowrap is-layout-flex wp-container-core-group-is-layout-407442cb wp-block-group-is-layout-flex\" style=\"margin-top:var(--wp--preset--spacing--30);margin-bottom:var(--wp--preset--spacing--30)\">\n<p class=\"has-custom-text-d-fau-color has-text-color has-link-color has-comfortaa-font-family has-x-large-font-size wp-elements-b18cb4b3b06ae213022207ad6306161f\">QUI SE CACHE DERRI\u00c8RE LOVE SIMPLY ?<\/p>\n<\/div>\n\n\n\n<div class=\"wp-block-group is-content-justification-left is-nowrap is-layout-flex wp-container-core-group-is-layout-fc9f69e7 wp-block-group-is-layout-flex\">\n<p class=\"has-custom-text-d-fau-color has-text-color has-link-color has-signatura-monoline-script-font-family has-xx-large-font-size wp-elements-6b3787463a398bb23bad30f6913c25b0\">Hello ! Moi c\u2019est Mazarine !<\/p>\n<\/div>\n\n\n\n<div class=\"wp-block-media-text is-stacked-on-mobile\" style=\"grid-template-columns:42% auto\"><figure class=\"wp-block-media-text__media\"><img loading=\"lazy\" decoding=\"async\" width=\"417\" height=\"401\" src=\"https:\/\/love-simply.com\/wp-content\/uploads\/2026\/02\/moi.png\" alt=\"\" class=\"wp-image-1005 size-full\" srcset=\"https:\/\/love-simply.com\/wp-content\/uploads\/2026\/02\/moi.png 417w, https:\/\/love-simply.com\/wp-content\/uploads\/2026\/02\/moi-300x288.png 300w\" sizes=\"auto, (max-width: 417px) 100vw, 417px\" \/><\/figure><div class=\"wp-block-media-text__content\">\n<div class=\"wp-block-group is-vertical is-content-justification-center is-layout-flex wp-container-core-group-is-layout-6363bf74 wp-block-group-is-layout-flex\">\n<pre class=\"wp-block-preformatted has-custom-text-d-fau-color has-text-color has-link-color has-louis-george-cafe-font-family has-medium-font-size wp-elements-94f124d31a40157b1c21917c987ab963\">Depuis toujours, j\u2019aime cr\u00e9er des moments qui rassemblent et qui laissent des souvenirs. C\u2019est ce go\u00fbt du partage qui m\u2019a d\u2019abord guid\u00e9e vers l\u2019h\u00f4tellerie et la restauration, puis, naturellement, vers l\u2019\u00e9v\u00e9nementiel. <br><br>Pendant mes \u00e9tudes en management h\u00f4telier, j\u2019ai eu la chance d\u2019\u00e9voluer dans des maisons reconnues comme le <b>Coq aux Champs<\/b>, le <b>Van der Valk<\/b> ou encore la cha\u00eene h\u00f4teli\u00e8re espagnole <b>Best Hotel<\/b>. <br><br>J\u2019ai \u00e9galement pu m\u2019enrichir d\u2019exp\u00e9riences \u00e0 l\u2019\u00e9tranger, o\u00f9 mes comp\u00e9tences linguistiques ont \u00e9t\u00e9 un v\u00e9ritable atout. <br><br>Ces parcours m\u2019ont transmis le sens du d\u00e9tail, la discipline, l\u2019organisation, mais surtout l\u2019art de cr\u00e9er des exp\u00e9riences dont on se souvient.<\/pre>\n\n\n\n<p class=\"has-custom-text-d-fau-color has-text-color has-link-color has-signatura-monoline-script-font-family has-x-large-font-size wp-elements-2d161cfdddf73f5f9550d5ad1d3eb6da\">J\u2019ai naturellement un temp\u00e9rament positif, j\u2019aime apporter un peu de l\u00e9g\u00e8ret\u00e9 et de bonne humeur autour de moi.<\/p>\n<\/div>\n<\/div><\/div>\n\n\n\n<div class=\"wp-block-group is-nowrap is-layout-flex wp-container-core-group-is-layout-6c531013 wp-block-group-is-layout-flex\">\n<pre class=\"wp-block-preformatted has-custom-text-d-fau-color has-text-color has-link-color has-louis-george-cafe-font-family has-medium-font-size wp-elements-3c3996cbdbb70628a15c2a21b11d78cf\">\u00c9ternelle curieuse, j\u2019aime tester de nouvelles exp\u00e9riences, voyager, m\u2019impr\u00e9gner d\u2019autres cultures, admirer de nouveaux paysages et savourer tout ce que le monde a \u00e0 offrir.<br><br>Toujours en mouvement, je trouve mon \u00e9quilibre aussi bien dans les activit\u00e9s cr\u00e9atives que sportives, qui m\u2019aident \u00e0 d\u00e9connecter et \u00e0 nourrir mon imagination. <br>Et parce que la gourmandise fait partie de moi, je prends autant de plaisir \u00e0 cuisiner des plats maison ou \u00e0 pr\u00e9parer de petites p\u00e2tisseries qu\u2019\u00e0 d\u00e9guster de nouvelles saveurs dans de bons restaurants.<\/pre>\n<\/div>\n\n\n\n<div class=\"wp-block-group is-vertical is-layout-flex wp-container-core-group-is-layout-fe9cc265 wp-block-group-is-layout-flex\">\n<p class=\"has-custom-text-d-fau-color has-text-color has-link-color has-louis-george-cafe-font-family wp-elements-bb784d61b1f9fee075ed0bdf8bebeac2\">Ce qui m\u2019anime au quotidien ?<\/p>\n\n\n\n<p class=\"has-custom-text-d-fau-color has-text-color has-link-color has-signatura-monoline-script-font-family has-x-large-font-size wp-elements-d419478d2d75a982b476b9b9dc67364d\">Voir les gens heureux. Un sourire, un regard complice, un moment suspendu. Ce sont ces petites choses qui me motivent et que j\u2019aime raviver lorsque je vous accompagne. Mon r\u00f4le est de vous \u00e9couter, saisir ce qui vous touche et imaginer un moment qui vous ressemble.<\/p>\n\n\n\n<p class=\"has-custom-text-d-fau-color has-text-color has-link-color wp-elements-2e0dd684460426788bf968884b955e32\"><em>Curieuse, r\u00eaveuse, gourmande assum\u00e9e et toujours pr\u00eate \u00e0 relever les d\u00e9fis les plus inattendus.<\/em><\/p>\n\n\n\n<p class=\"has-custom-text-d-fau-color has-text-color has-link-color wp-elements-65c2d973bcab4a2290d6b61786cace61\"><strong>\u00c0 votre tour maintenant\u2026 j\u2019ai h\u00e2te d\u2019en savoir plus sur votre histoire !<\/strong><\/p>\n<\/div>\n","protected":false},"excerpt":{"rendered":"<p>QUI SE CACHE DERRI\u00c8RE LOVE SIMPLY ? Hello ! Moi c\u2019est Mazarine ! \u00c9ternelle curieuse, j\u2019aime tester de nouvelles exp\u00e9riences, voyager, m\u2019impr\u00e9gner d\u2019autres cultures, admirer de nouveaux paysages et savourer tout ce que le monde a \u00e0 offrir.Toujours en mouvement, je trouve mon \u00e9quilibre aussi bien dans les activit\u00e9s cr\u00e9atives que sportives, qui m\u2019aident \u00e0 [&hellip;]<\/p>\n","protected":false},"author":1,"featured_media":0,"parent":0,"menu_order":0,"comment_status":"closed","ping_status":"closed","template":"","meta":{"footnotes":""},"class_list":["post-61","page","type-page","status-publish","hentry"],"jetpack_sharing_enabled":true,"_links":{"self":[{"href":"https:\/\/love-simply.com\/index.php?rest_route=\/wp\/v2\/pages\/61","targetHints":{"allow":["GET"]}}],"collection":[{"href":"https:\/\/love-simply.com\/index.php?rest_route=\/wp\/v2\/pages"}],"about":[{"href":"https:\/\/love-simply.com\/index.php?rest_route=\/wp\/v2\/types\/page"}],"author":[{"embeddable":true,"href":"https:\/\/love-simply.com\/index.php?rest_route=\/wp\/v2\/users\/1"}],"replies":[{"embeddable":true,"href":"https:\/\/love-simply.com\/index.php?rest_route=%2Fwp%2Fv2%2Fcomments&post=61"}],"version-history":[{"count":56,"href":"https:\/\/love-simply.com\/index.php?rest_route=\/wp\/v2\/pages\/61\/revisions"}],"predecessor-version":[{"id":1037,"href":"https:\/\/love-simply.com\/index.php?rest_route=\/wp\/v2\/pages\/61\/revisions\/1037"}],"wp:attachment":[{"href":"https:\/\/love-simply.com\/index.php?rest_route=%2Fwp%2Fv2%2Fmedia&parent=61"}],"curies":[{"name":"wp","href":"https:\/\/api.w.org\/{rel}","templated":true}]}}