{"id":127,"date":"2025-10-12T21:43:24","date_gmt":"2025-10-12T19:43:24","guid":{"rendered":"https:\/\/love-simply.com\/?page_id=127"},"modified":"2026-02-16T14:42:31","modified_gmt":"2026-02-16T13:42:31","slug":"le-grand-saut","status":"publish","type":"page","link":"https:\/\/love-simply.com\/?page_id=127","title":{"rendered":"Mariage"},"content":{"rendered":"\n<div class=\"wp-block-group alignfull has-global-padding is-layout-constrained wp-container-core-group-is-layout-5eb44f06 wp-block-group-is-layout-constrained has-background\" style=\"padding-top:var(--wp--preset--spacing--80);padding-right:var(--wp--preset--spacing--30);padding-bottom:var(--wp--preset--spacing--80);padding-left:var(--wp--preset--spacing--30);background-image:url(&apos;https:\/\/love-simply.com\/wp-content\/uploads\/2025\/11\/1.png&apos;);background-position:55.00000000000001% 22%;background-size:cover;\">\n<div class=\"wp-block-group is-content-justification-center is-nowrap is-layout-flex wp-container-core-group-is-layout-23441af8 wp-block-group-is-layout-flex\">\n<p class=\"has-custom-text-d-fau-color has-text-color has-link-color has-signatura-monoline-script-font-family wp-elements-e0cabebe110ce9c8451b0fe7afbfb03f\" style=\"font-size:clamp(4.509rem, 4.509rem + ((1vw - 0.2rem) * 12.92), 10rem);\">Mariage<\/p>\n<\/div>\n<\/div>\n\n\n\n<div class=\"wp-block-media-text is-stacked-on-mobile\" style=\"grid-template-columns:45% auto\"><figure class=\"wp-block-media-text__media\"><img loading=\"lazy\" decoding=\"async\" width=\"417\" height=\"401\" src=\"https:\/\/love-simply.com\/wp-content\/uploads\/2026\/02\/Organisation-complete.png\" alt=\"\" class=\"wp-image-976 size-full\" srcset=\"https:\/\/love-simply.com\/wp-content\/uploads\/2026\/02\/Organisation-complete.png 417w, https:\/\/love-simply.com\/wp-content\/uploads\/2026\/02\/Organisation-complete-300x288.png 300w\" sizes=\"auto, (max-width: 417px) 100vw, 417px\" \/><\/figure><div class=\"wp-block-media-text__content\">\n<div class=\"wp-block-group is-vertical is-content-justification-left is-layout-flex wp-container-core-group-is-layout-dd225191 wp-block-group-is-layout-flex\">\n<h3 class=\"wp-block-heading has-custom-text-d-fau-color has-text-color has-link-color has-comfortaa-font-family wp-elements-919414d8f1a81568fe48f7422999856a\"><strong>ORGANISATION COMPL\u00c8TE<\/strong><\/h3>\n\n\n\n<pre class=\"wp-block-preformatted has-custom-text-d-fau-color has-text-color has-link-color has-louis-george-cafe-font-family has-medium-font-size wp-elements-bdc45263fac5bfc557adbf51623c2895\">Parce qu\u2019un mariage ne devrait ressembler \u00e0 aucun autre et que votre seul r\u00f4le devrait \u00eatre de profiter pleinement de cette journ\u00e9e unique, je vous accompagne dans l\u2019organisation compl\u00e8te de votre union.<br><br>Apr\u00e8s un premier \u00e9change pour comprendre vos envies et votre univers, je vous accompagne pour imaginer un mariage \u00e0 votre image.<br><br>De la d\u00e9coration \u00e0 la coordination du jour J, en passant par le choix des prestataires, la cr\u00e9ation de l\u2019ambiance et la gestion de chaque d\u00e9tail, je transforme vos r\u00eaves en r\u00e9alit\u00e9.<br>Vous r\u00eavez, je concr\u00e9tise. Vous savourez, je coordonne.<br><br>Choix du lieu, d\u00e9coration, animations, exp\u00e9riences invit\u00e9s, prestataires soigneusement s\u00e9lectionn\u00e9s, tout est pens\u00e9 pour cr\u00e9er une journ\u00e9e harmonieuse et inoubliable.<br>L\u2019organisation de mariages \u00e0 l\u2019\u00e9tranger est \u00e9galement possible sur demande.<\/pre>\n\n\n\n<p class=\"has-custom-fond-2-color has-text-color has-link-color has-signatura-monoline-script-font-family has-x-large-font-size wp-elements-e23783d784968abbc2d1827e5d6793bf\">Confiez moi vos r\u00eaves et je me ferai un plaisir de les sublimer.<\/p>\n\n\n\n<p class=\"has-custom-text-d-fau-color has-text-color has-link-color has-louis-george-cafe-font-family has-large-font-size wp-elements-e254363ff45cdd4cde9b5cd92a10c9ed\" style=\"font-style:normal;font-weight:700\">Cette prestation d\u00e9bute \u00e0 3.500 \u20ac.<\/p>\n<\/div>\n<\/div><\/div>\n\n\n\n<div class=\"wp-block-media-text has-media-on-the-right is-stacked-on-mobile\" style=\"grid-template-columns:auto 45%\"><div class=\"wp-block-media-text__content\">\n<div class=\"wp-block-group is-vertical is-content-justification-left is-layout-flex wp-container-core-group-is-layout-dd225191 wp-block-group-is-layout-flex\">\n<h3 class=\"wp-block-heading has-custom-text-d-fau-color has-text-color has-link-color has-comfortaa-font-family wp-elements-d0e9925f1bc53884d9c0489de7582b63\"><strong>Ma\u00eetre de c\u00e9r\u00e9monie \/ Coordination jour-j<\/strong><\/h3>\n\n\n\n<pre class=\"wp-block-preformatted has-custom-text-d-fau-color has-text-color has-link-color has-louis-george-cafe-font-family has-medium-font-size wp-elements-51df8986c8777b0b6fabc641b6d66bee\">Vous avez organis\u00e9 votre mariage avec soin et souhaitez d\u00e9sormais profiter pleinement de chaque instant ?<br><br>La pr\u00e9sence d\u2019un professionnel le jour J est essentielle pour garantir un d\u00e9roul\u00e9 fluide, harmonieux et sans impr\u00e9vus.<br><br>Je prends le relais pour orchestrer l\u2019ensemble de votre journ\u00e9e : gestion des prestataires, respect du planning, coordination des temps forts. <\/pre>\n\n\n\n<p class=\"has-custom-fond-2-color has-text-color has-link-color has-signatura-monoline-script-font-family has-x-large-font-size wp-elements-a80e8210d7dda11d3d51f6581c081233\">Vous vivez votre mariage en toute s\u00e9r\u00e9nit\u00e9, entour\u00e9s de vos proches, sans vous soucier de la logistique.<\/p>\n\n\n\n<p class=\"has-custom-text-d-fau-color has-text-color has-link-color has-louis-george-cafe-font-family has-medium-font-size wp-elements-fdd2e4155b8a817a6122a810788fc8f5\">Cette prestation comprend la pr\u00e9paration en amont, la coordination sur place et un accompagnement discret mais attentif afin que chaque d\u00e9tail soit conforme \u00e0 votre vision.<\/p>\n\n\n\n<p class=\"has-custom-text-d-fau-color has-text-color has-link-color has-louis-george-cafe-font-family has-large-font-size wp-elements-92ab7ab4c8cda0d0e87b2931fbc05f3b\" style=\"font-style:normal;font-weight:700\">Cette prestation d\u00e9bute \u00e0 1.200 \u20ac.<\/p>\n<\/div>\n<\/div><figure class=\"wp-block-media-text__media\"><img loading=\"lazy\" decoding=\"async\" width=\"417\" height=\"377\" src=\"https:\/\/love-simply.com\/wp-content\/uploads\/2026\/02\/Maitre-de-ceremonie2.png\" alt=\"\" class=\"wp-image-979 size-full\" srcset=\"https:\/\/love-simply.com\/wp-content\/uploads\/2026\/02\/Maitre-de-ceremonie2.png 417w, https:\/\/love-simply.com\/wp-content\/uploads\/2026\/02\/Maitre-de-ceremonie2-300x271.png 300w\" sizes=\"auto, (max-width: 417px) 100vw, 417px\" \/><\/figure><\/div>\n\n\n\n<div class=\"wp-block-media-text is-stacked-on-mobile\" style=\"grid-template-columns:45% auto\"><figure class=\"wp-block-media-text__media\"><img loading=\"lazy\" decoding=\"async\" width=\"417\" height=\"418\" src=\"https:\/\/love-simply.com\/wp-content\/uploads\/2026\/02\/Officiante-de-ceremonie.png\" alt=\"\" class=\"wp-image-977 size-full\" srcset=\"https:\/\/love-simply.com\/wp-content\/uploads\/2026\/02\/Officiante-de-ceremonie.png 417w, https:\/\/love-simply.com\/wp-content\/uploads\/2026\/02\/Officiante-de-ceremonie-300x300.png 300w, https:\/\/love-simply.com\/wp-content\/uploads\/2026\/02\/Officiante-de-ceremonie-150x150.png 150w\" sizes=\"auto, (max-width: 417px) 100vw, 417px\" \/><\/figure><div class=\"wp-block-media-text__content\">\n<div class=\"wp-block-group is-vertical is-content-justification-left is-layout-flex wp-container-core-group-is-layout-dd225191 wp-block-group-is-layout-flex\">\n<h3 class=\"wp-block-heading has-custom-text-d-fau-color has-text-color has-link-color has-tan-mon-cheri-font-family wp-elements-cb4b4efb0338c8571c546c11384e8fc3\"><strong>Officiante de c\u00e9r\u00e9monie symbolique<\/strong><\/h3>\n\n\n\n<pre class=\"wp-block-preformatted has-custom-text-d-fau-color has-text-color has-link-color has-louis-george-cafe-font-family has-medium-font-size wp-elements-a3c243fdc229ee2e3a5a02cbef8fa4cc\">Je vous accompagne dans la cr\u00e9ation d\u2019une c\u00e9r\u00e9monie qui raconte votre histoire.<br><br>Du premier \u00e9change \u00e0 la c\u00e9r\u00e9monie, tout est pens\u00e9 pour que chaque mot et chaque d\u00e9tail refl\u00e8te qui vous \u00eates.<br><br>Au programme :<br>- D\u00e9couverte de votre histoire<br>- Cr\u00e9ation du d\u00e9roul\u00e9 complet (textes, rituels, lectures, musiques, interventions)<br>- \u00c9criture et sc\u00e9nographie<br>- Pr\u00e9sence le jour J pour orchestrer la c\u00e9r\u00e9monie en toute fluidit\u00e9<\/pre>\n\n\n\n<p class=\"has-custom-fond-2-color has-text-color has-link-color has-signatura-monoline-script-font-family has-x-large-font-size wp-elements-8e59f942c6ce0de23a8b29329617e3ed\">Vous n\u2019avez qu\u2019\u00e0 vivre pleinement l\u2019instant<\/p>\n\n\n\n<p class=\"has-custom-text-d-fau-color has-text-color has-link-color has-louis-george-cafe-font-family has-medium-font-size wp-elements-3756c4767627cad99741e20cd6b4df64\">Je veille \u00e0 l\u2019\u00e9motion, au rythme et \u00e0 l\u2019harmonie pour un souvenir inoubliable, pour vous comme pour vos invit\u00e9s.<\/p>\n\n\n\n<p class=\"has-custom-text-d-fau-color has-text-color has-link-color has-large-font-size wp-elements-2d15cf3a92b81bd3cf44288bef46feb2\" style=\"font-style:normal;font-weight:700\">\u00c0 partir de 800 \u20ac \u2013 devis personnalis\u00e9 selon vos souhaits.<\/p>\n<\/div>\n<\/div><\/div>\n","protected":false},"excerpt":{"rendered":"<p>Mariage<\/p>\n","protected":false},"author":1,"featured_media":0,"parent":63,"menu_order":0,"comment_status":"closed","ping_status":"closed","template":"","meta":{"footnotes":""},"class_list":["post-127","page","type-page","status-publish","hentry"],"jetpack_sharing_enabled":true,"_links":{"self":[{"href":"https:\/\/love-simply.com\/index.php?rest_route=\/wp\/v2\/pages\/127","targetHints":{"allow":["GET"]}}],"collection":[{"href":"https:\/\/love-simply.com\/index.php?rest_route=\/wp\/v2\/pages"}],"about":[{"href":"https:\/\/love-simply.com\/index.php?rest_route=\/wp\/v2\/types\/page"}],"author":[{"embeddable":true,"href":"https:\/\/love-simply.com\/index.php?rest_route=\/wp\/v2\/users\/1"}],"replies":[{"embeddable":true,"href":"https:\/\/love-simply.com\/index.php?rest_route=%2Fwp%2Fv2%2Fcomments&post=127"}],"version-history":[{"count":86,"href":"https:\/\/love-simply.com\/index.php?rest_route=\/wp\/v2\/pages\/127\/revisions"}],"predecessor-version":[{"id":1027,"href":"https:\/\/love-simply.com\/index.php?rest_route=\/wp\/v2\/pages\/127\/revisions\/1027"}],"up":[{"embeddable":true,"href":"https:\/\/love-simply.com\/index.php?rest_route=\/wp\/v2\/pages\/63"}],"wp:attachment":[{"href":"https:\/\/love-simply.com\/index.php?rest_route=%2Fwp%2Fv2%2Fmedia&parent=127"}],"curies":[{"name":"wp","href":"https:\/\/api.w.org\/{rel}","templated":true}]}}